{"id":9136,"date":"2023-06-12T17:07:32","date_gmt":"2023-06-12T15:07:32","guid":{"rendered":"https:\/\/l.interzero.at\/pl\/?page_id=9136"},"modified":"2024-05-15T09:02:50","modified_gmt":"2024-05-15T07:02:50","slug":"sustainability-magazine","status":"publish","type":"page","link":"https:\/\/dev.interzero.pl\/pl\/o-firmie\/zrownowazony-rozwoj\/sustainability-magazine\/","title":{"rendered":"Sustainability magazine"},"content":{"rendered":"<div class=\"wpb-content-wrapper\"><div data-parent=\"true\" class=\"vc_row row-container\" id=\"row-unique-0\"><div class=\"row single-top-padding single-bottom-padding single-h-padding limit-width row-parent\"><div class=\"wpb_row row-inner\"><div class=\"wpb_column pos-top pos-center align_center column_parent col-lg-12 half-internal-gutter\"><div class=\"uncol style-light\"  ><div class=\"uncoltable\"><div class=\"uncell one-block-padding\" ><div class=\"uncont\" ><div class=\"vc_custom_heading_wrap\"><div class=\"heading-text el-text\" ><h1 class=\"h1\" ><span><strong>Win-win \u2013 razem na rzecz gospodarki o obiegu zamkni\u0119tym<\/strong><\/span><\/h1><\/div><div class=\"clear\"><\/div><\/div><div class=\"vc_custom_heading_wrap\"><div class=\"heading-text el-text\" ><h2 class=\"h2\" ><span>Czasami trzeba postawi\u0107 wszystko na jedn\u0105 kart\u0119. Dok\u0142adnie to robimy w Interzero, bo nasz\u0105 wizj\u0105 jest \u015bwiat bez odpad\u00f3w.<\/span><\/h2><\/div><div class=\"clear\"><\/div><\/div><div class=\"empty-space empty-double\" ><span class=\"empty-space-inner\"><\/span><\/div>\n<\/div><\/div><\/div><\/div><\/div><script id=\"script-row-unique-0\" data-row=\"script-row-unique-0\" type=\"text\/javascript\" class=\"vc_controls\">UNCODE.initRow(document.getElementById(\"row-unique-0\"));<\/script><\/div><\/div><\/div><div data-parent=\"true\" class=\"vc_row iz-related-link-row row-container\" id=\"row-unique-1\"><div class=\"row-background background-element\">\n\t\t\t\t\t\t\t\t\t\t\t<div class=\"background-wrapper\">\n\t\t\t\t\t\t\t\t\t\t\t\t<div class=\"background-inner\" style=\"background-image: url(https:\/\/dev.interzero.pl\/wp-content\/uploads\/sites\/15\/2024\/05\/Interzero-Webseite-WINWIN_2560x555.png);background-repeat: no-repeat;background-position: center center;background-attachment: scroll;background-size: cover;\"><\/div>\n\t\t\t\t\t\t\t\t\t\t\t\t<div class=\"block-bg-overlay style-color-184177-bg\" style=\"opacity: 0.35;\"><\/div>\n\t\t\t\t\t\t\t\t\t\t\t<\/div>\n\t\t\t\t\t\t\t\t\t\t<\/div><div class=\"row double-top-padding double-bottom-padding single-h-padding limit-width row-parent\" data-minheight=\"400\"><div class=\"wpb_row row-inner\"><div class=\"wpb_column pos-top pos-center align_center column_parent col-lg-12 half-internal-gutter\"><div class=\"uncol style-spec style-dark\"  ><div class=\"uncoltable\"><div class=\"uncell one-block-padding\" ><div class=\"uncont\" ><div class=\"vc_custom_heading_wrap\"><div class=\"heading-text el-text\" ><h2 class=\"h2\" ><span><strong>Sustainability magazine 2024<\/strong><\/span><\/h2><\/div><div class=\"clear\"><\/div><\/div><div class=\"vc_custom_heading_wrap\"><div class=\"heading-text el-text\" ><h3 class=\"h3\" ><span><span class=\"ui-provider hb b c d e f g h i j k l m n o p q r s t u v w x y z ab ac ae af ag ah ai aj ak\" dir=\"ltr\">Nasza strategia umo\u017cliwia nam przekszta\u0142cenie wizji \u015bwiata bez odpad\u00f3w w rzeczywisto\u015b\u0107.<\/span><\/span><\/h3><\/div><div class=\"clear\"><\/div><\/div><span class=\"btn-container\" ><a role=\"button\"  href=\"https:\/\/l.interzero.at\/pl\/wp-content\/uploads\/sites\/12\/2024\/05\/240426_Interzero_Magazin_EN_Online-PDF.pdf\" class=\"custom-link btn btn-lg border-width-0 btn-color-263416 btn-flat btn-icon-left\" target=\"_blank\">POBIERZ<\/a><\/span><\/div><\/div><\/div><\/div><\/div><script id=\"script-row-unique-1\" data-row=\"script-row-unique-1\" type=\"text\/javascript\" class=\"vc_controls\">UNCODE.initRow(document.getElementById(\"row-unique-1\"));<\/script><\/div><\/div><\/div><div data-parent=\"true\" class=\"vc_row row-container\" id=\"row-unique-2\"><div class=\"row single-top-padding single-bottom-padding single-h-padding limit-width row-parent\"><div class=\"wpb_row row-inner\"><div class=\"wpb_column pos-top pos-center align_center column_parent col-lg-12 half-internal-gutter\"><div class=\"uncol style-light\"  ><div class=\"uncoltable\"><div class=\"uncell one-block-padding\" ><div class=\"uncont\" ><div class=\"empty-space empty-double\" ><span class=\"empty-space-inner\"><\/span><\/div>\n<div class=\"vc_custom_heading_wrap\"><div class=\"heading-text el-text\" ><h2 class=\"h1\" ><span><strong><span class=\"ui-provider hb b c d e f g h i j k l m n o p q r s t u v w x y z ab ac ae af ag ah ai aj ak\" dir=\"ltr\">\u0141\u0105czymy si\u0142y, aby dzia\u0142a\u0107 ALL IN<\/span><\/strong><\/span><\/h2><\/div><div class=\"clear\"><\/div><\/div><div class=\"vc_custom_heading_wrap\"><div class=\"heading-text el-text\" ><h2 class=\"h2\" ><span><span class=\"ui-provider hb b c d e f g h i j k l m n o p q r s t u v w x y z ab ac ae af ag ah ai aj ak\" dir=\"ltr\">Czasami trzeba podnie\u015b\u0107 poprzeczk\u0119 &#8211; i to w\u0142a\u015bnie robimy w Interzero, kieruj\u0105c si\u0119 wizj\u0105 \u015bwiata bez odpad\u00f3w.<\/span><\/span><\/h2><\/div><div class=\"clear\"><\/div><\/div><div class=\"empty-space empty-triple\" ><span class=\"empty-space-inner\"><\/span><\/div>\n<\/div><\/div><\/div><\/div><\/div><script id=\"script-row-unique-2\" data-row=\"script-row-unique-2\" type=\"text\/javascript\" class=\"vc_controls\">UNCODE.initRow(document.getElementById(\"row-unique-2\"));<\/script><\/div><\/div><\/div><div data-parent=\"true\" class=\"vc_row iz-related-link-row row-container\" id=\"row-unique-3\"><div class=\"row-background background-element\">\n\t\t\t\t\t\t\t\t\t\t\t<div class=\"background-wrapper\">\n\t\t\t\t\t\t\t\t\t\t\t\t<div class=\"background-inner\" style=\"background-image: url(https:\/\/dev.interzero.pl\/wp-content\/uploads\/sites\/15\/2023\/06\/Nachhaltigkeitsmagazin-Slider-jpg.webp);background-repeat: no-repeat;background-position: center center;background-attachment: scroll;background-size: cover;\"><\/div>\n\t\t\t\t\t\t\t\t\t\t\t\t<div class=\"block-bg-overlay style-color-184177-bg\" style=\"opacity: 0.35;\"><\/div>\n\t\t\t\t\t\t\t\t\t\t\t<\/div>\n\t\t\t\t\t\t\t\t\t\t<\/div><div class=\"row double-top-padding double-bottom-padding single-h-padding limit-width row-parent\" data-minheight=\"400\"><div class=\"wpb_row row-inner\"><div class=\"wpb_column pos-top pos-center align_center column_parent col-lg-12 half-internal-gutter\"><div class=\"uncol style-spec style-dark\"  ><div class=\"uncoltable\"><div class=\"uncell one-block-padding\" ><div class=\"uncont\" ><div class=\"vc_custom_heading_wrap\"><div class=\"heading-text el-text\" ><h2 class=\"h2\" ><span><strong>Sustainability magazine 2023<\/strong><\/span><\/h2><\/div><div class=\"clear\"><\/div><\/div><div class=\"vc_custom_heading_wrap\"><div class=\"heading-text el-text\" ><h3 class=\"h3\" ><span><span class=\"ui-provider hb b c d e f g h i j k l m n o p q r s t u v w x y z ab ac ae af ag ah ai aj ak\" dir=\"ltr\">\u015awiat bez odpad\u00f3w. W oparciu o model zawarty w naszej strategii, zmieniamy wizj\u0119 w rzeczywisto\u015b\u0107. Dzi\u0119ki temu mo\u017cemy skupia\u0107 si\u0119 na tym, co wa\u017cne.<\/span><\/span><\/h3><\/div><div class=\"clear\"><\/div><\/div><span class=\"btn-container\" ><a role=\"button\"  href=\"https:\/\/l.interzero.at\/pl\/wp-content\/uploads\/sites\/12\/2023\/06\/Interzero_Sustainability_Magazine_EN-1.pdf\" class=\"custom-link btn btn-lg border-width-0 btn-color-263416 btn-flat btn-icon-left\" title=\"\u00dcber uns\" target=\"_blank\">POBIERZ<\/a><\/span><\/div><\/div><\/div><\/div><\/div><script id=\"script-row-unique-3\" data-row=\"script-row-unique-3\" type=\"text\/javascript\" class=\"vc_controls\">UNCODE.initRow(document.getElementById(\"row-unique-3\"));<\/script><\/div><\/div><\/div><div data-parent=\"true\" class=\"vc_row row-container\" id=\"row-unique-4\"><div class=\"row limit-width row-parent\"><div class=\"wpb_row row-inner\"><div class=\"wpb_column pos-top pos-center align_left column_parent col-lg-12 single-internal-gutter\"><div class=\"uncol style-light\"  ><div class=\"uncoltable\"><div class=\"uncell no-block-padding\" ><div class=\"uncont\" ><div class=\"empty-space empty-double\" ><span class=\"empty-space-inner\"><\/span><\/div>\n<\/div><\/div><\/div><\/div><\/div><script id=\"script-row-unique-4\" data-row=\"script-row-unique-4\" type=\"text\/javascript\" class=\"vc_controls\">UNCODE.initRow(document.getElementById(\"row-unique-4\"));<\/script><\/div><\/div><\/div><div data-parent=\"true\" class=\"vc_row has-bg need-focus style-color-870240-bg row-container\" id=\"row-unique-5\"><div class=\"row double-top-padding single-bottom-padding single-h-padding limit-width row-parent\"><div class=\"wpb_row row-inner\"><div class=\"wpb_column pos-top pos-center align_center column_parent col-lg-12 single-internal-gutter\"><div class=\"uncol style-light\"  ><div class=\"uncoltable\"><div class=\"uncell no-block-padding\" ><div class=\"uncont\" ><div class=\"vc_custom_heading_wrap\"><div class=\"heading-text el-text\" ><h3 class=\"h3\" ><span><span class=\"ui-provider hb b c d e f g h i j k l m n o p q r s t u v w x y z ab ac ae af ag ah ai aj ak\" dir=\"ltr\">Wszystkie informacje na ten temat znajdziesz tutaj<\/span><\/span><\/h3><\/div><div class=\"clear\"><\/div><\/div><span class=\"btn-container\" ><a role=\"button\"  href=\"https:\/\/www.interzero.de\/en\/sustainability\/sustainability-magazine\/\" class=\"custom-link btn border-width-0 btn-default btn-flat btn-icon-left\" title=\"Sustainability magazine information\" target=\"_blank\">CZYTAJ WI\u0118CEJ<\/a><\/span><\/div><\/div><\/div><\/div><\/div><script id=\"script-row-unique-5\" data-row=\"script-row-unique-5\" type=\"text\/javascript\" class=\"vc_controls\">UNCODE.initRow(document.getElementById(\"row-unique-5\"));<\/script><\/div><\/div><\/div><div data-parent=\"true\" class=\"vc_row row-container\" id=\"row-unique-6\"><div class=\"row limit-width row-parent\"><div class=\"wpb_row row-inner\"><div class=\"wpb_column pos-top pos-center align_left column_parent col-lg-12 single-internal-gutter\"><div class=\"uncol style-light\"  ><div class=\"uncoltable\"><div class=\"uncell no-block-padding\" ><div class=\"uncont\" ><\/div><\/div><\/div><\/div><\/div><script id=\"script-row-unique-6\" data-row=\"script-row-unique-6\" type=\"text\/javascript\" class=\"vc_controls\">UNCODE.initRow(document.getElementById(\"row-unique-6\"));<\/script><\/div><\/div><\/div>\n<\/div>","protected":false},"excerpt":{"rendered":"Win-win \u2013 razem na rzecz gospodarki o obiegu zamkni\u0119tymCzasami trzeba postawi\u0107 wszystko na jedn\u0105 kart\u0119. Dok\u0142adnie to robimy w Interzero, [...]","protected":false},"author":2,"featured_media":13798,"parent":3091,"menu_order":1,"comment_status":"closed","ping_status":"closed","template":"","meta":{"_acf_changed":false,"inline_featured_image":false,"footnotes":""},"wf_page_folders":[76],"class_list":["post-9136","page","type-page","status-publish","has-post-thumbnail","hentry","page_category-pl"],"acf":[],"yoast_head":"<!-- This site is optimized with the Yoast SEO plugin v26.4 - https:\/\/yoast.com\/wordpress\/plugins\/seo\/ -->\n<title>Sustainability magazine: inicjatywy zero waste w wydaniu Interzero<\/title>\n<meta name=\"description\" content=\"Dla Interzero zr\u00f3wnowa\u017cony rozw\u00f3j to nie tylko slogan \u2013 co dnia zmieniamy nasz\u0105 wizj\u0119 w rzeczywisto\u015b\u0107. Sprawd\u017a, jak dzia\u0142amy dla \u015bwiata bez odpad\u00f3w!\" \/>\n<meta name=\"robots\" content=\"noindex, follow, max-snippet:-1, max-image-preview:large, max-video-preview:-1\" \/>\n<meta property=\"og:locale\" content=\"pl_PL\" \/>\n<meta property=\"og:type\" content=\"article\" \/>\n<meta property=\"og:title\" content=\"Sustainability magazine: inicjatywy zero waste w wydaniu Interzero\" \/>\n<meta property=\"og:description\" content=\"Dla Interzero zr\u00f3wnowa\u017cony rozw\u00f3j to nie tylko slogan \u2013 co dnia zmieniamy nasz\u0105 wizj\u0119 w rzeczywisto\u015b\u0107. Sprawd\u017a, jak dzia\u0142amy dla \u015bwiata bez odpad\u00f3w!\" \/>\n<meta property=\"og:url\" content=\"https:\/\/dev.interzero.pl\/pl\/o-firmie\/zrownowazony-rozwoj\/sustainability-magazine\/\" \/>\n<meta property=\"og:site_name\" content=\"DEV | Interzero Polska | DEV\" \/>\n<meta property=\"article:publisher\" content=\"https:\/\/www.facebook.com\/InterzeroPolska\" \/>\n<meta property=\"article:modified_time\" content=\"2024-05-15T07:02:50+00:00\" \/>\n<meta property=\"og:image\" content=\"https:\/\/dev.interzero.pl\/wp-content\/uploads\/sites\/15\/2024\/05\/Startseite_Header-neu-jpg.webp\" \/>\n\t<meta property=\"og:image:width\" content=\"1870\" \/>\n\t<meta property=\"og:image:height\" content=\"765\" \/>\n\t<meta property=\"og:image:type\" content=\"image\/jpeg\" \/>\n<meta name=\"twitter:card\" content=\"summary_large_image\" \/>\n<meta name=\"twitter:title\" content=\"Sustainability magazine: inicjatywy zero waste w wydaniu Interzero\" \/>\n<meta name=\"twitter:description\" content=\"Dla Interzero zr\u00f3wnowa\u017cony rozw\u00f3j to nie tylko slogan \u2013 co dnia zmieniamy nasz\u0105 wizj\u0119 w rzeczywisto\u015b\u0107. Sprawd\u017a, jak dzia\u0142amy dla \u015bwiata bez odpad\u00f3w!\" \/>\n<meta name=\"twitter:image\" content=\"https:\/\/dev.interzero.pl\/wp-content\/uploads\/sites\/15\/2024\/05\/Startseite_Header-neu-jpg.webp\" \/>\n<meta name=\"twitter:site\" content=\"@InterzeroPolska\" \/>\n<meta name=\"twitter:label1\" content=\"Szacowany czas czytania\" \/>\n\t<meta name=\"twitter:data1\" content=\"2 minuty\" \/>\n<script type=\"application\/ld+json\" class=\"yoast-schema-graph\">{\"@context\":\"https:\/\/schema.org\",\"@graph\":[{\"@type\":\"WebPage\",\"@id\":\"https:\/\/dev.interzero.pl\/o-firmie\/zrownowazony-rozwoj\/sustainability-magazine\/\",\"url\":\"https:\/\/dev.interzero.pl\/o-firmie\/zrownowazony-rozwoj\/sustainability-magazine\/\",\"name\":\"Sustainability magazine: inicjatywy zero waste w wydaniu Interzero\",\"isPartOf\":{\"@id\":\"https:\/\/dev.interzero.pl\/#website\"},\"primaryImageOfPage\":{\"@id\":\"https:\/\/dev.interzero.pl\/o-firmie\/zrownowazony-rozwoj\/sustainability-magazine\/#primaryimage\"},\"image\":{\"@id\":\"https:\/\/dev.interzero.pl\/o-firmie\/zrownowazony-rozwoj\/sustainability-magazine\/#primaryimage\"},\"thumbnailUrl\":\"https:\/\/dev.interzero.pl\/wp-content\/uploads\/sites\/15\/2024\/05\/Nachhaltigkeitsmagazin_Header-jpg.webp\",\"datePublished\":\"2023-06-12T15:07:32+00:00\",\"dateModified\":\"2024-05-15T07:02:50+00:00\",\"description\":\"Dla Interzero zr\u00f3wnowa\u017cony rozw\u00f3j to nie tylko slogan \u2013 co dnia zmieniamy nasz\u0105 wizj\u0119 w rzeczywisto\u015b\u0107. Sprawd\u017a, jak dzia\u0142amy dla \u015bwiata bez odpad\u00f3w!\",\"breadcrumb\":{\"@id\":\"https:\/\/dev.interzero.pl\/o-firmie\/zrownowazony-rozwoj\/sustainability-magazine\/#breadcrumb\"},\"inLanguage\":\"pl-PL\",\"potentialAction\":[{\"@type\":\"ReadAction\",\"target\":[\"https:\/\/dev.interzero.pl\/o-firmie\/zrownowazony-rozwoj\/sustainability-magazine\/\"]}]},{\"@type\":\"ImageObject\",\"inLanguage\":\"pl-PL\",\"@id\":\"https:\/\/dev.interzero.pl\/o-firmie\/zrownowazony-rozwoj\/sustainability-magazine\/#primaryimage\",\"url\":\"https:\/\/dev.interzero.pl\/wp-content\/uploads\/sites\/15\/2024\/05\/Nachhaltigkeitsmagazin_Header-jpg.webp\",\"contentUrl\":\"https:\/\/dev.interzero.pl\/wp-content\/uploads\/sites\/15\/2024\/05\/Nachhaltigkeitsmagazin_Header-jpg.webp\",\"width\":1870,\"height\":445,\"caption\":\"sustainability magazine win win inter\"},{\"@type\":\"BreadcrumbList\",\"@id\":\"https:\/\/dev.interzero.pl\/o-firmie\/zrownowazony-rozwoj\/sustainability-magazine\/#breadcrumb\",\"itemListElement\":[{\"@type\":\"ListItem\",\"position\":1,\"name\":\"Home\",\"item\":\"https:\/\/dev.interzero.pl\/\"},{\"@type\":\"ListItem\",\"position\":2,\"name\":\"O firmie\",\"item\":\"https:\/\/dev.interzero.pl\/o-firmie\/\"},{\"@type\":\"ListItem\",\"position\":3,\"name\":\"Zr\u00f3wnowa\u017cony rozw\u00f3j\",\"item\":\"https:\/\/dev.interzero.pl\/o-firmie\/zrownowazony-rozwoj\/\"},{\"@type\":\"ListItem\",\"position\":4,\"name\":\"Sustainability magazine\"}]},{\"@type\":\"WebSite\",\"@id\":\"https:\/\/dev.interzero.pl\/#website\",\"url\":\"https:\/\/dev.interzero.pl\/\",\"name\":\"DEV - Interzero Polska | Rozwi\u0105zania dla \u015bwiata bez odpad\u00f3w\",\"description\":\"Dostarczamy innowacyjne i kompleksowe rozwi\u0105zania  w zakresie ochrony \u015brodowiska.\",\"publisher\":{\"@id\":\"https:\/\/dev.interzero.pl\/#organization\"},\"potentialAction\":[{\"@type\":\"SearchAction\",\"target\":{\"@type\":\"EntryPoint\",\"urlTemplate\":\"https:\/\/dev.interzero.pl\/?s={search_term_string}\"},\"query-input\":{\"@type\":\"PropertyValueSpecification\",\"valueRequired\":true,\"valueName\":\"search_term_string\"}}],\"inLanguage\":\"pl-PL\"},{\"@type\":\"Organization\",\"@id\":\"https:\/\/dev.interzero.pl\/#organization\",\"name\":\"Interzero Polska\",\"url\":\"https:\/\/dev.interzero.pl\/\",\"logo\":{\"@type\":\"ImageObject\",\"inLanguage\":\"pl-PL\",\"@id\":\"https:\/\/dev.interzero.pl\/#\/schema\/logo\/image\/\",\"url\":\"https:\/\/dev.interzero.pl\/wp-content\/uploads\/sites\/15\/2024\/07\/Interzero.png\",\"contentUrl\":\"https:\/\/dev.interzero.pl\/wp-content\/uploads\/sites\/15\/2024\/07\/Interzero.png\",\"width\":1920,\"height\":1080,\"caption\":\"Interzero Polska\"},\"image\":{\"@id\":\"https:\/\/dev.interzero.pl\/#\/schema\/logo\/image\/\"},\"sameAs\":[\"https:\/\/www.facebook.com\/InterzeroPolska\",\"https:\/\/x.com\/InterzeroPolska\",\"https:\/\/www.linkedin.com\/company\/interzero-zero-waste-solutions\/\"]}]}<\/script>\n<!-- \/ Yoast SEO plugin. -->","yoast_head_json":{"title":"Sustainability magazine: inicjatywy zero waste w wydaniu Interzero","description":"Dla Interzero zr\u00f3wnowa\u017cony rozw\u00f3j to nie tylko slogan \u2013 co dnia zmieniamy nasz\u0105 wizj\u0119 w rzeczywisto\u015b\u0107. Sprawd\u017a, jak dzia\u0142amy dla \u015bwiata bez odpad\u00f3w!","robots":{"index":"noindex","follow":"follow","max-snippet":"max-snippet:-1","max-image-preview":"max-image-preview:large","max-video-preview":"max-video-preview:-1"},"og_locale":"pl_PL","og_type":"article","og_title":"Sustainability magazine: inicjatywy zero waste w wydaniu Interzero","og_description":"Dla Interzero zr\u00f3wnowa\u017cony rozw\u00f3j to nie tylko slogan \u2013 co dnia zmieniamy nasz\u0105 wizj\u0119 w rzeczywisto\u015b\u0107. Sprawd\u017a, jak dzia\u0142amy dla \u015bwiata bez odpad\u00f3w!","og_url":"https:\/\/dev.interzero.pl\/pl\/o-firmie\/zrownowazony-rozwoj\/sustainability-magazine\/","og_site_name":"DEV | Interzero Polska | DEV","article_publisher":"https:\/\/www.facebook.com\/InterzeroPolska","article_modified_time":"2024-05-15T07:02:50+00:00","og_image":[{"width":1870,"height":765,"url":"https:\/\/dev.interzero.pl\/wp-content\/uploads\/sites\/15\/2024\/05\/Startseite_Header-neu-jpg.webp","type":"image\/jpeg"}],"twitter_card":"summary_large_image","twitter_title":"Sustainability magazine: inicjatywy zero waste w wydaniu Interzero","twitter_description":"Dla Interzero zr\u00f3wnowa\u017cony rozw\u00f3j to nie tylko slogan \u2013 co dnia zmieniamy nasz\u0105 wizj\u0119 w rzeczywisto\u015b\u0107. Sprawd\u017a, jak dzia\u0142amy dla \u015bwiata bez odpad\u00f3w!","twitter_image":"https:\/\/dev.interzero.pl\/wp-content\/uploads\/sites\/15\/2024\/05\/Startseite_Header-neu-jpg.webp","twitter_site":"@InterzeroPolska","twitter_misc":{"Szacowany czas czytania":"2 minuty"},"schema":{"@context":"https:\/\/schema.org","@graph":[{"@type":"WebPage","@id":"https:\/\/dev.interzero.pl\/o-firmie\/zrownowazony-rozwoj\/sustainability-magazine\/","url":"https:\/\/dev.interzero.pl\/o-firmie\/zrownowazony-rozwoj\/sustainability-magazine\/","name":"Sustainability magazine: inicjatywy zero waste w wydaniu Interzero","isPartOf":{"@id":"https:\/\/dev.interzero.pl\/#website"},"primaryImageOfPage":{"@id":"https:\/\/dev.interzero.pl\/o-firmie\/zrownowazony-rozwoj\/sustainability-magazine\/#primaryimage"},"image":{"@id":"https:\/\/dev.interzero.pl\/o-firmie\/zrownowazony-rozwoj\/sustainability-magazine\/#primaryimage"},"thumbnailUrl":"https:\/\/dev.interzero.pl\/wp-content\/uploads\/sites\/15\/2024\/05\/Nachhaltigkeitsmagazin_Header-jpg.webp","datePublished":"2023-06-12T15:07:32+00:00","dateModified":"2024-05-15T07:02:50+00:00","description":"Dla Interzero zr\u00f3wnowa\u017cony rozw\u00f3j to nie tylko slogan \u2013 co dnia zmieniamy nasz\u0105 wizj\u0119 w rzeczywisto\u015b\u0107. Sprawd\u017a, jak dzia\u0142amy dla \u015bwiata bez odpad\u00f3w!","breadcrumb":{"@id":"https:\/\/dev.interzero.pl\/o-firmie\/zrownowazony-rozwoj\/sustainability-magazine\/#breadcrumb"},"inLanguage":"pl-PL","potentialAction":[{"@type":"ReadAction","target":["https:\/\/dev.interzero.pl\/o-firmie\/zrownowazony-rozwoj\/sustainability-magazine\/"]}]},{"@type":"ImageObject","inLanguage":"pl-PL","@id":"https:\/\/dev.interzero.pl\/o-firmie\/zrownowazony-rozwoj\/sustainability-magazine\/#primaryimage","url":"https:\/\/dev.interzero.pl\/wp-content\/uploads\/sites\/15\/2024\/05\/Nachhaltigkeitsmagazin_Header-jpg.webp","contentUrl":"https:\/\/dev.interzero.pl\/wp-content\/uploads\/sites\/15\/2024\/05\/Nachhaltigkeitsmagazin_Header-jpg.webp","width":1870,"height":445,"caption":"sustainability magazine win win inter"},{"@type":"BreadcrumbList","@id":"https:\/\/dev.interzero.pl\/o-firmie\/zrownowazony-rozwoj\/sustainability-magazine\/#breadcrumb","itemListElement":[{"@type":"ListItem","position":1,"name":"Home","item":"https:\/\/dev.interzero.pl\/"},{"@type":"ListItem","position":2,"name":"O firmie","item":"https:\/\/dev.interzero.pl\/o-firmie\/"},{"@type":"ListItem","position":3,"name":"Zr\u00f3wnowa\u017cony rozw\u00f3j","item":"https:\/\/dev.interzero.pl\/o-firmie\/zrownowazony-rozwoj\/"},{"@type":"ListItem","position":4,"name":"Sustainability magazine"}]},{"@type":"WebSite","@id":"https:\/\/dev.interzero.pl\/#website","url":"https:\/\/dev.interzero.pl\/","name":"DEV - Interzero Polska | Rozwi\u0105zania dla \u015bwiata bez odpad\u00f3w","description":"Dostarczamy innowacyjne i kompleksowe rozwi\u0105zania  w zakresie ochrony \u015brodowiska.","publisher":{"@id":"https:\/\/dev.interzero.pl\/#organization"},"potentialAction":[{"@type":"SearchAction","target":{"@type":"EntryPoint","urlTemplate":"https:\/\/dev.interzero.pl\/?s={search_term_string}"},"query-input":{"@type":"PropertyValueSpecification","valueRequired":true,"valueName":"search_term_string"}}],"inLanguage":"pl-PL"},{"@type":"Organization","@id":"https:\/\/dev.interzero.pl\/#organization","name":"Interzero Polska","url":"https:\/\/dev.interzero.pl\/","logo":{"@type":"ImageObject","inLanguage":"pl-PL","@id":"https:\/\/dev.interzero.pl\/#\/schema\/logo\/image\/","url":"https:\/\/dev.interzero.pl\/wp-content\/uploads\/sites\/15\/2024\/07\/Interzero.png","contentUrl":"https:\/\/dev.interzero.pl\/wp-content\/uploads\/sites\/15\/2024\/07\/Interzero.png","width":1920,"height":1080,"caption":"Interzero Polska"},"image":{"@id":"https:\/\/dev.interzero.pl\/#\/schema\/logo\/image\/"},"sameAs":["https:\/\/www.facebook.com\/InterzeroPolska","https:\/\/x.com\/InterzeroPolska","https:\/\/www.linkedin.com\/company\/interzero-zero-waste-solutions\/"]}]}},"_links":{"self":[{"href":"https:\/\/dev.interzero.pl\/pl\/wp-json\/wp\/v2\/pages\/9136","targetHints":{"allow":["GET"]}}],"collection":[{"href":"https:\/\/dev.interzero.pl\/pl\/wp-json\/wp\/v2\/pages"}],"about":[{"href":"https:\/\/dev.interzero.pl\/pl\/wp-json\/wp\/v2\/types\/page"}],"author":[{"embeddable":true,"href":"https:\/\/dev.interzero.pl\/pl\/wp-json\/wp\/v2\/users\/2"}],"replies":[{"embeddable":true,"href":"https:\/\/dev.interzero.pl\/pl\/wp-json\/wp\/v2\/comments?post=9136"}],"version-history":[{"count":14,"href":"https:\/\/dev.interzero.pl\/pl\/wp-json\/wp\/v2\/pages\/9136\/revisions"}],"predecessor-version":[{"id":14148,"href":"https:\/\/dev.interzero.pl\/pl\/wp-json\/wp\/v2\/pages\/9136\/revisions\/14148"}],"up":[{"embeddable":true,"href":"https:\/\/dev.interzero.pl\/pl\/wp-json\/wp\/v2\/pages\/3091"}],"wp:featuredmedia":[{"embeddable":true,"href":"https:\/\/dev.interzero.pl\/pl\/wp-json\/wp\/v2\/media\/13798"}],"wp:attachment":[{"href":"https:\/\/dev.interzero.pl\/pl\/wp-json\/wp\/v2\/media?parent=9136"}],"wp:term":[{"taxonomy":"wf_page_folders","embeddable":true,"href":"https:\/\/dev.interzero.pl\/pl\/wp-json\/wp\/v2\/wf_page_folders?post=9136"}],"curies":[{"name":"wp","href":"https:\/\/api.w.org\/{rel}","templated":true}]}}