{"id":5668,"date":"2023-02-01T15:09:31","date_gmt":"2023-02-01T14:09:31","guid":{"rendered":"https:\/\/l.interzero.at\/pl\/?page_id=5668"},"modified":"2024-09-23T15:48:59","modified_gmt":"2024-09-23T13:48:59","slug":"nota-prawna","status":"publish","type":"page","link":"https:\/\/dev.interzero.pl\/pl\/o-firmie\/nota-prawna\/","title":{"rendered":"Nota prawna"},"content":{"rendered":"<div class=\"wpb-content-wrapper\"><div data-parent=\"true\" class=\"vc_row row-container\" id=\"row-unique-0\"><div class=\"row limit-width row-parent\"><div class=\"wpb_row row-inner\"><div class=\"wpb_column pos-top pos-center align_center column_parent col-lg-12 single-internal-gutter\"><div class=\"uncol style-light\"  ><div class=\"uncoltable\"><div class=\"uncell no-block-padding\" ><div class=\"uncont\" ><div class=\"vc_custom_heading_wrap\"><div class=\"heading-text el-text\" ><h1 class=\"h1\" ><span><\/p><\/span><span><h1 style=\"text-align: center\"><b>Grupa Interzero w Polsce<\/b><\/h1><\/span><span><p><\/span><\/h1><\/div><div class=\"clear\"><\/div><\/div><\/div><\/div><\/div><\/div><\/div><script id=\"script-row-unique-0\" data-row=\"script-row-unique-0\" type=\"text\/javascript\" class=\"vc_controls\">UNCODE.initRow(document.getElementById(\"row-unique-0\"));<\/script><\/div><\/div><\/div><div data-parent=\"true\" class=\"vc_row row-container\" id=\"row-unique-1\"><div class=\"row single-top-padding double-bottom-padding single-h-padding limit-width row-parent\"><div class=\"wpb_row row-inner\"><div class=\"wpb_column pos-top pos-center align_left column_parent col-lg-12 single-internal-gutter\"><div class=\"uncol style-light\"  ><div class=\"uncoltable\"><div class=\"uncell no-block-padding\" ><div class=\"uncont\" ><div class=\"uncode_text_column\" ><\/p>\n<p style=\"text-align: left\"><strong>Interzero Organizacja Odzysku Opakowa\u0144 S.A.\u00a0<\/strong><br \/>\nul. Wiertnicza 165, 02-952 Warszawa<br \/>\nTel.: +48 22 742 10 22<br \/>\nE-mail:\u00a0biuro@l.interzero.at\/pl<br \/>\nZarz\u0105d: <strong>Anna Grom<\/strong> <em>&#8211;<\/em><em>\u00a0<\/em> Prezes Zarz\u0105du; <strong>Monika Grom<\/strong> &#8211; Wiceprezes Zarz\u0105du; <strong>Pawe\u0142 Lesiak<\/strong> &#8211; Wiceprezes Zarz\u0105du; <strong>Agata Ry\u015b <\/strong>&#8211; Cz\u0142onek Zarz\u0105du<br \/>\nNIP: 5213409980<br \/>\nKRS: 0000266658<br \/>\nREGON: 140718909<br \/>\nBDO: 000000172<br \/>\nOrgan rejestrowy: S\u0105d Rejonowy dla m. st. Warszawy w Warszawie, XIII Wydzia\u0142 Gospodarczy Krajowego Rejestru S\u0105dowego<br \/>\nKapita\u0142 zak\u0142adowy: 2 500 000 z\u0142<br \/>\n<strong>RELACJE INWESTORSKIE<\/strong> &#8211;<a href=\"https:\/\/l.interzero.at\/pl\/o-firmie\/relacje-inwestorskie\/relacje-inwestorskie-izooo\/\"> TUTAJ.<\/a><\/p>\n<p>\n<\/div><div class=\"icon-box icon-box-left icon-box-space-reduced  icon-box-space-reduced iz-footer-icon-link icon-media-image\" ><div class=\"icon-box-icon fa-container\" style=\"width:16px;\"><a role=\"button\" href=\"http:\/\/l.interzero.at\/pl\/wp-content\/uploads\/sites\/12\/2023\/01\/Informacja_o_opakowaniach_i_odpadach_opakowaniowych_Interzero_Organizacja_Odzysku_Opakowan_S.A..pdf\" class=\"text-color-263416-color custom-link\"><img decoding=\"async\" class=\"\" src=\"https:\/\/dev.interzero.pl\/wp-content\/uploads\/sites\/15\/2023\/02\/icon_pdf_big.png\" width=\"43\" height=\"50\" alt=\"\"  \/><\/a><\/div><div class=\"icon-box-content\"><div class=\"icon-box-heading icon-box-fa-1x\"><p class=\"fontheight-321440\"><a role=\"button\" href=\"http:\/\/l.interzero.at\/pl\/wp-content\/uploads\/sites\/12\/2023\/01\/Informacja_o_opakowaniach_i_odpadach_opakowaniowych_Interzero_Organizacja_Odzysku_Opakowan_S.A..pdf\">Informacje o realizacji cel\u00f3w w zakresie gospodarowania odpadami Interzero Organizacja Odzysku Opakowa\u0144 S.A.<\/a><\/p><\/div><\/div><\/div><div class=\"icon-box icon-box-left icon-box-space-reduced  icon-box-space-reduced iz-footer-icon-link icon-media-image\" ><div class=\"icon-box-icon fa-container\" style=\"width:16px;\"><a role=\"button\" href=\"http:\/\/l.interzero.at\/pl\/wp-content\/uploads\/sites\/12\/2023\/01\/INFORMACJA_O_OPAKOWANIACH_I_ODPADACH_OPAKOWANIOWYCH.pdf\" class=\"text-color-263416-color custom-link\"><img decoding=\"async\" class=\"\" src=\"https:\/\/dev.interzero.pl\/wp-content\/uploads\/sites\/15\/2023\/02\/icon_pdf_big.png\" width=\"43\" height=\"50\" alt=\"\"  \/><\/a><\/div><div class=\"icon-box-content\"><div class=\"icon-box-heading icon-box-fa-1x\"><p class=\"fontheight-321440\"><a role=\"button\" href=\"http:\/\/l.interzero.at\/pl\/wp-content\/uploads\/sites\/12\/2023\/01\/INFORMACJA_O_OPAKOWANIACH_I_ODPADACH_OPAKOWANIOWYCH.pdf\">Informacja o opakowaniach i odpadach opakowaniowych Interzero Organizacja Odzysku Opakowa\u0144 S.A.<\/a><\/p><\/div><\/div><\/div><div class=\"uncode_text_column\" ><\/p>\n<p style=\"text-align: left\"><strong>Interzero Advisory Sp\u00f3\u0142ka z o.o.<\/strong><br \/>\nul. Wiertnicza 165, 02-952 Warszawa<br \/>\nTel.: +48 22 742 10 22<br \/>\nE-mail:\u00a0biuro@l.interzero.at\/pl<br \/>\nZarz\u0105d: <strong>Monika Grom<\/strong> &#8211; Cz\u0142onek Zarz\u0105du; <strong>Pawe\u0142 Lesiak<\/strong> &#8211; Cz\u0142onek Zarz\u0105du<br \/>\nNIP: 1132335293<br \/>\nKRS: 0000676980<br \/>\nREGON: 017443900<br \/>\nBDO: 000518378<br \/>\nOrgan rejestrowy: S\u0105d Rejonowy dla m. st. Warszawy w Warszawie, XIII Wydzia\u0142 Gospodarczy Krajowego Rejestru S\u0105dowego<br \/>\nKapita\u0142 zak\u0142adowy:\u00a0 100 000 z\u0142<\/p>\n<p style=\"text-align: left\"><strong>Interzero Polska Sp. z o.o.\u00a0<\/strong><br \/>\nul. Wiertnicza 165, 02-952 Warszawa<br \/>\nTel.: +48 22 742 10 22<br \/>\nE-mail:\u00a0biuro@l.interzero.at\/pl<br \/>\nZarz\u0105d: <strong>Monika Grom<\/strong> &#8211; Cz\u0142onek Zarz\u0105du; <strong>Pawe\u0142 Lesiak<\/strong> &#8211; Cz\u0142onek Zarz\u0105du<br \/>\nNIP: 9512367010<br \/>\nKRS: 0000459881<br \/>\nREGON: 146653200<br \/>\nBDO: 000009153<br \/>\nOrgan rejestrowy: S\u0105d Rejonowy dla m. st. Warszawy w Warszawie, XIII Wydzia\u0142 Gospodarczy Krajowego Rejestru S\u0105dowego<br \/>\nKapita\u0142 zak\u0142adowy:\u00a0 105 000 z\u0142<\/p>\n<\/div><div class=\"icon-box icon-box-left icon-box-space-reduced  icon-box-space-reduced iz-footer-icon-link icon-media-image\" ><div class=\"icon-box-icon fa-container\" style=\"width:16px;\"><a role=\"button\" href=\"https:\/\/l.interzero.at\/pl\/wp-content\/uploads\/sites\/12\/2024\/04\/INFORMACJA_O_ZUZYTYM_SPRZECIE_ELEKTRYCZNYM_I_ELEKTRONICZNYM_IZPL_2024.pdf\" class=\"text-color-263416-color custom-link\"><img decoding=\"async\" class=\"\" src=\"https:\/\/dev.interzero.pl\/wp-content\/uploads\/sites\/15\/2023\/02\/icon_pdf_big.png\" width=\"43\" height=\"50\" alt=\"\"  \/><\/a><\/div><div class=\"icon-box-content\"><div class=\"icon-box-heading icon-box-fa-1x\"><p class=\"fontheight-321440\"><a role=\"button\" href=\"https:\/\/l.interzero.at\/pl\/wp-content\/uploads\/sites\/12\/2024\/04\/INFORMACJA_O_ZUZYTYM_SPRZECIE_ELEKTRYCZNYM_I_ELEKTRONICZNYM_IZPL_2024.pdf\">Informacja o zu\u017cytym sprz\u0119cie elektrycznym i elektronicznym Interzero Polska Sp. z o.o.<\/a><\/p><\/div><\/div><\/div><div class=\"icon-box icon-box-left icon-box-space-reduced  icon-box-space-reduced iz-footer-icon-link icon-media-image\" ><div class=\"icon-box-icon fa-container\" style=\"width:16px;\"><a role=\"button\" href=\"https:\/\/l.interzero.at\/pl\/wp-content\/uploads\/sites\/12\/2024\/04\/INFORMACJA_O_OPAKOWANIACH_I_ODPADACH_OPAKOWANIOWYCH_2024.pdf\" class=\"text-color-263416-color custom-link\"><img decoding=\"async\" class=\"\" src=\"https:\/\/dev.interzero.pl\/wp-content\/uploads\/sites\/15\/2023\/02\/icon_pdf_big.png\" width=\"43\" height=\"50\" alt=\"\"  \/><\/a><\/div><div class=\"icon-box-content\"><div class=\"icon-box-heading icon-box-fa-1x\"><p class=\"fontheight-321440\"><a role=\"button\" href=\"https:\/\/l.interzero.at\/pl\/wp-content\/uploads\/sites\/12\/2024\/04\/INFORMACJA_O_OPAKOWANIACH_I_ODPADACH_OPAKOWANIOWYCH_2024.pdf\">Informacja o opakowaniach i odpadach opakowaniowych Interzero Polska Sp. z o.o.<\/a><\/p><\/div><\/div><\/div><div class=\"uncode_text_column\" ><p><strong>Interzero Organizacja Odzysku Sprz\u0119tu Elektrycznego i Elektronicznego S.A.<\/strong><br \/>\nul. Wiertnicza 165, 02-952 Warszawa<br \/>\nTel.: +48 22 742 10 22<br \/>\nE-mail:\u00a0biuro@l.interzero.at\/pl<br \/>\nZarz\u0105d: <strong>Monika Grom<\/strong> &#8211; Cz\u0142onek Zarz\u0105du; <strong>Pawe\u0142 Lesiak<\/strong> &#8211; Cz\u0142onek Zarz\u0105du<br \/>\nNIP: 9512530326<br \/>\nKRS: 0000925732<br \/>\nREGON: 520530764<br \/>\nBDO: 000552505<br \/>\nOrgan rejestrowy: S\u0105d Rejonowy dla m. st. Warszawy w Warszawie, XIII Wydzia\u0142 Gospodarczy Krajowego Rejestru S\u0105dowego<br \/>\nKapita\u0142 zak\u0142adowy: 5 000 000 z\u0142<br \/>\n<strong>RELACJE INWESTORSKIE<\/strong> &#8211;<a href=\"https:\/\/l.interzero.at\/pl\/o-firmie\/relacje-inwestorskie\/relacje-inwestorskie-izooseie\/\"> TUTAJ.<\/a><\/p>\n<\/div><div class=\"icon-box icon-box-left icon-box-space-reduced  icon-box-space-reduced iz-footer-icon-link icon-media-image\" ><div class=\"icon-box-icon fa-container\" style=\"width:16px;\"><a role=\"button\" href=\"http:\/\/l.interzero.at\/pl\/wp-content\/uploads\/sites\/12\/2023\/01\/Informacja_IZ_OOSEiE.pdf.pdf\" class=\"text-color-263416-color custom-link\"><img decoding=\"async\" class=\"\" src=\"https:\/\/dev.interzero.pl\/wp-content\/uploads\/sites\/15\/2023\/02\/icon_pdf_big.png\" width=\"43\" height=\"50\" alt=\"\"  \/><\/a><\/div><div class=\"icon-box-content\"><div class=\"icon-box-heading icon-box-fa-1x\"><p class=\"fontheight-321440\"><a role=\"button\" href=\"http:\/\/l.interzero.at\/pl\/wp-content\/uploads\/sites\/12\/2023\/01\/Informacja_IZ_OOSEiE.pdf.pdf\">Informacje o realizacji cel\u00f3w w zakresie gospodarowania odpadami Interzero Organizacja Odzysku Sprz\u0119tu Elektrycznego i Elektronicznego S.A.<\/a><\/p><\/div><\/div><\/div><\/div><\/div><\/div><\/div><\/div><script id=\"script-row-unique-1\" data-row=\"script-row-unique-1\" type=\"text\/javascript\" class=\"vc_controls\">UNCODE.initRow(document.getElementById(\"row-unique-1\"));<\/script><\/div><\/div><\/div>\n<\/div>","protected":false},"excerpt":{"rendered":"Grupa Interzero w PolsceInterzero Organizacja Odzysku Opakowa\u0144 S.A.\u00a0 ul. Wiertnicza 165, 02-952 Warszawa Tel.: +48 22 742 10 22 E-mail:\u00a0biuro@l.interzero.at\/pl [...]","protected":false},"author":22,"featured_media":5672,"parent":3094,"menu_order":5,"comment_status":"closed","ping_status":"closed","template":"","meta":{"_acf_changed":false,"inline_featured_image":false,"footnotes":""},"wf_page_folders":[76],"class_list":["post-5668","page","type-page","status-publish","has-post-thumbnail","hentry","page_category-pl"],"acf":[],"yoast_head":"<!-- This site is optimized with the Yoast SEO plugin v26.4 - https:\/\/yoast.com\/wordpress\/plugins\/seo\/ -->\n<title>Nota prawna | Grupa Interzero w Polsce<\/title>\n<meta name=\"description\" content=\"Poznaj najwa\u017cniejsze informacje o Grupie Interzero w Polsce. Nota prawna | Relacje inwestorskie | Dane rejestrowe | Dane kontaktowe | Zarz\u0105dy sp\u00f3\u0142ek\" \/>\n<meta name=\"robots\" content=\"noindex, follow, max-snippet:-1, max-image-preview:large, max-video-preview:-1\" \/>\n<meta property=\"og:locale\" content=\"pl_PL\" \/>\n<meta property=\"og:type\" content=\"article\" \/>\n<meta property=\"og:title\" content=\"Nota prawna | Grupa Interzero w Polsce\" \/>\n<meta property=\"og:description\" content=\"Poznaj najwa\u017cniejsze informacje o Grupie Interzero w Polsce. Nota prawna | Relacje inwestorskie | Dane rejestrowe | Dane kontaktowe | Zarz\u0105dy sp\u00f3\u0142ek\" \/>\n<meta property=\"og:url\" content=\"https:\/\/dev.interzero.pl\/pl\/o-firmie\/nota-prawna\/\" \/>\n<meta property=\"og:site_name\" content=\"DEV | Interzero Polska | DEV\" \/>\n<meta property=\"article:publisher\" content=\"https:\/\/www.facebook.com\/InterzeroPolska\" \/>\n<meta property=\"article:modified_time\" content=\"2024-09-23T13:48:59+00:00\" \/>\n<meta property=\"og:image\" content=\"https:\/\/dev.interzero.pl\/wp-content\/uploads\/sites\/15\/2023\/02\/Nota-prawna.png\" \/>\n\t<meta property=\"og:image:width\" content=\"1640\" \/>\n\t<meta property=\"og:image:height\" content=\"924\" \/>\n\t<meta property=\"og:image:type\" content=\"image\/png\" \/>\n<meta name=\"twitter:card\" content=\"summary_large_image\" \/>\n<meta name=\"twitter:site\" content=\"@InterzeroPolska\" \/>\n<meta name=\"twitter:label1\" content=\"Szacowany czas czytania\" \/>\n\t<meta name=\"twitter:data1\" content=\"3 minuty\" \/>\n<script type=\"application\/ld+json\" class=\"yoast-schema-graph\">{\"@context\":\"https:\/\/schema.org\",\"@graph\":[{\"@type\":\"WebPage\",\"@id\":\"https:\/\/dev.interzero.pl\/o-firmie\/nota-prawna\/\",\"url\":\"https:\/\/dev.interzero.pl\/o-firmie\/nota-prawna\/\",\"name\":\"Nota prawna | Grupa Interzero w Polsce\",\"isPartOf\":{\"@id\":\"https:\/\/dev.interzero.pl\/#website\"},\"primaryImageOfPage\":{\"@id\":\"https:\/\/dev.interzero.pl\/o-firmie\/nota-prawna\/#primaryimage\"},\"image\":{\"@id\":\"https:\/\/dev.interzero.pl\/o-firmie\/nota-prawna\/#primaryimage\"},\"thumbnailUrl\":\"https:\/\/dev.interzero.pl\/wp-content\/uploads\/sites\/15\/2023\/02\/Nota-prawna.png\",\"datePublished\":\"2023-02-01T14:09:31+00:00\",\"dateModified\":\"2024-09-23T13:48:59+00:00\",\"description\":\"Poznaj najwa\u017cniejsze informacje o Grupie Interzero w Polsce. Nota prawna | Relacje inwestorskie | Dane rejestrowe | Dane kontaktowe | Zarz\u0105dy sp\u00f3\u0142ek\",\"breadcrumb\":{\"@id\":\"https:\/\/dev.interzero.pl\/o-firmie\/nota-prawna\/#breadcrumb\"},\"inLanguage\":\"pl-PL\",\"potentialAction\":[{\"@type\":\"ReadAction\",\"target\":[\"https:\/\/dev.interzero.pl\/o-firmie\/nota-prawna\/\"]}]},{\"@type\":\"ImageObject\",\"inLanguage\":\"pl-PL\",\"@id\":\"https:\/\/dev.interzero.pl\/o-firmie\/nota-prawna\/#primaryimage\",\"url\":\"https:\/\/dev.interzero.pl\/wp-content\/uploads\/sites\/15\/2023\/02\/Nota-prawna.png\",\"contentUrl\":\"https:\/\/dev.interzero.pl\/wp-content\/uploads\/sites\/15\/2023\/02\/Nota-prawna.png\",\"width\":1640,\"height\":924,\"caption\":\"z\u0142ota waga Temidy stoi na biurku obok notatnika w jasnym, dobrze o\u015bwietlonym pomieszczeniu\"},{\"@type\":\"BreadcrumbList\",\"@id\":\"https:\/\/dev.interzero.pl\/o-firmie\/nota-prawna\/#breadcrumb\",\"itemListElement\":[{\"@type\":\"ListItem\",\"position\":1,\"name\":\"Home\",\"item\":\"https:\/\/dev.interzero.pl\/\"},{\"@type\":\"ListItem\",\"position\":2,\"name\":\"O firmie\",\"item\":\"https:\/\/dev.interzero.pl\/o-firmie\/\"},{\"@type\":\"ListItem\",\"position\":3,\"name\":\"Nota prawna\"}]},{\"@type\":\"WebSite\",\"@id\":\"https:\/\/dev.interzero.pl\/#website\",\"url\":\"https:\/\/dev.interzero.pl\/\",\"name\":\"DEV - Interzero Polska | Rozwi\u0105zania dla \u015bwiata bez odpad\u00f3w\",\"description\":\"Dostarczamy innowacyjne i kompleksowe rozwi\u0105zania  w zakresie ochrony \u015brodowiska.\",\"publisher\":{\"@id\":\"https:\/\/dev.interzero.pl\/#organization\"},\"potentialAction\":[{\"@type\":\"SearchAction\",\"target\":{\"@type\":\"EntryPoint\",\"urlTemplate\":\"https:\/\/dev.interzero.pl\/?s={search_term_string}\"},\"query-input\":{\"@type\":\"PropertyValueSpecification\",\"valueRequired\":true,\"valueName\":\"search_term_string\"}}],\"inLanguage\":\"pl-PL\"},{\"@type\":\"Organization\",\"@id\":\"https:\/\/dev.interzero.pl\/#organization\",\"name\":\"Interzero Polska\",\"url\":\"https:\/\/dev.interzero.pl\/\",\"logo\":{\"@type\":\"ImageObject\",\"inLanguage\":\"pl-PL\",\"@id\":\"https:\/\/dev.interzero.pl\/#\/schema\/logo\/image\/\",\"url\":\"https:\/\/dev.interzero.pl\/wp-content\/uploads\/sites\/15\/2024\/07\/Interzero.png\",\"contentUrl\":\"https:\/\/dev.interzero.pl\/wp-content\/uploads\/sites\/15\/2024\/07\/Interzero.png\",\"width\":1920,\"height\":1080,\"caption\":\"Interzero Polska\"},\"image\":{\"@id\":\"https:\/\/dev.interzero.pl\/#\/schema\/logo\/image\/\"},\"sameAs\":[\"https:\/\/www.facebook.com\/InterzeroPolska\",\"https:\/\/x.com\/InterzeroPolska\",\"https:\/\/www.linkedin.com\/company\/interzero-zero-waste-solutions\/\"]}]}<\/script>\n<!-- \/ Yoast SEO plugin. -->","yoast_head_json":{"title":"Nota prawna | Grupa Interzero w Polsce","description":"Poznaj najwa\u017cniejsze informacje o Grupie Interzero w Polsce. Nota prawna | Relacje inwestorskie | Dane rejestrowe | Dane kontaktowe | Zarz\u0105dy sp\u00f3\u0142ek","robots":{"index":"noindex","follow":"follow","max-snippet":"max-snippet:-1","max-image-preview":"max-image-preview:large","max-video-preview":"max-video-preview:-1"},"og_locale":"pl_PL","og_type":"article","og_title":"Nota prawna | Grupa Interzero w Polsce","og_description":"Poznaj najwa\u017cniejsze informacje o Grupie Interzero w Polsce. Nota prawna | Relacje inwestorskie | Dane rejestrowe | Dane kontaktowe | Zarz\u0105dy sp\u00f3\u0142ek","og_url":"https:\/\/dev.interzero.pl\/pl\/o-firmie\/nota-prawna\/","og_site_name":"DEV | Interzero Polska | DEV","article_publisher":"https:\/\/www.facebook.com\/InterzeroPolska","article_modified_time":"2024-09-23T13:48:59+00:00","og_image":[{"width":1640,"height":924,"url":"https:\/\/dev.interzero.pl\/wp-content\/uploads\/sites\/15\/2023\/02\/Nota-prawna.png","type":"image\/png"}],"twitter_card":"summary_large_image","twitter_site":"@InterzeroPolska","twitter_misc":{"Szacowany czas czytania":"3 minuty"},"schema":{"@context":"https:\/\/schema.org","@graph":[{"@type":"WebPage","@id":"https:\/\/dev.interzero.pl\/o-firmie\/nota-prawna\/","url":"https:\/\/dev.interzero.pl\/o-firmie\/nota-prawna\/","name":"Nota prawna | Grupa Interzero w Polsce","isPartOf":{"@id":"https:\/\/dev.interzero.pl\/#website"},"primaryImageOfPage":{"@id":"https:\/\/dev.interzero.pl\/o-firmie\/nota-prawna\/#primaryimage"},"image":{"@id":"https:\/\/dev.interzero.pl\/o-firmie\/nota-prawna\/#primaryimage"},"thumbnailUrl":"https:\/\/dev.interzero.pl\/wp-content\/uploads\/sites\/15\/2023\/02\/Nota-prawna.png","datePublished":"2023-02-01T14:09:31+00:00","dateModified":"2024-09-23T13:48:59+00:00","description":"Poznaj najwa\u017cniejsze informacje o Grupie Interzero w Polsce. Nota prawna | Relacje inwestorskie | Dane rejestrowe | Dane kontaktowe | Zarz\u0105dy sp\u00f3\u0142ek","breadcrumb":{"@id":"https:\/\/dev.interzero.pl\/o-firmie\/nota-prawna\/#breadcrumb"},"inLanguage":"pl-PL","potentialAction":[{"@type":"ReadAction","target":["https:\/\/dev.interzero.pl\/o-firmie\/nota-prawna\/"]}]},{"@type":"ImageObject","inLanguage":"pl-PL","@id":"https:\/\/dev.interzero.pl\/o-firmie\/nota-prawna\/#primaryimage","url":"https:\/\/dev.interzero.pl\/wp-content\/uploads\/sites\/15\/2023\/02\/Nota-prawna.png","contentUrl":"https:\/\/dev.interzero.pl\/wp-content\/uploads\/sites\/15\/2023\/02\/Nota-prawna.png","width":1640,"height":924,"caption":"z\u0142ota waga Temidy stoi na biurku obok notatnika w jasnym, dobrze o\u015bwietlonym pomieszczeniu"},{"@type":"BreadcrumbList","@id":"https:\/\/dev.interzero.pl\/o-firmie\/nota-prawna\/#breadcrumb","itemListElement":[{"@type":"ListItem","position":1,"name":"Home","item":"https:\/\/dev.interzero.pl\/"},{"@type":"ListItem","position":2,"name":"O firmie","item":"https:\/\/dev.interzero.pl\/o-firmie\/"},{"@type":"ListItem","position":3,"name":"Nota prawna"}]},{"@type":"WebSite","@id":"https:\/\/dev.interzero.pl\/#website","url":"https:\/\/dev.interzero.pl\/","name":"DEV - Interzero Polska | Rozwi\u0105zania dla \u015bwiata bez odpad\u00f3w","description":"Dostarczamy innowacyjne i kompleksowe rozwi\u0105zania  w zakresie ochrony \u015brodowiska.","publisher":{"@id":"https:\/\/dev.interzero.pl\/#organization"},"potentialAction":[{"@type":"SearchAction","target":{"@type":"EntryPoint","urlTemplate":"https:\/\/dev.interzero.pl\/?s={search_term_string}"},"query-input":{"@type":"PropertyValueSpecification","valueRequired":true,"valueName":"search_term_string"}}],"inLanguage":"pl-PL"},{"@type":"Organization","@id":"https:\/\/dev.interzero.pl\/#organization","name":"Interzero Polska","url":"https:\/\/dev.interzero.pl\/","logo":{"@type":"ImageObject","inLanguage":"pl-PL","@id":"https:\/\/dev.interzero.pl\/#\/schema\/logo\/image\/","url":"https:\/\/dev.interzero.pl\/wp-content\/uploads\/sites\/15\/2024\/07\/Interzero.png","contentUrl":"https:\/\/dev.interzero.pl\/wp-content\/uploads\/sites\/15\/2024\/07\/Interzero.png","width":1920,"height":1080,"caption":"Interzero Polska"},"image":{"@id":"https:\/\/dev.interzero.pl\/#\/schema\/logo\/image\/"},"sameAs":["https:\/\/www.facebook.com\/InterzeroPolska","https:\/\/x.com\/InterzeroPolska","https:\/\/www.linkedin.com\/company\/interzero-zero-waste-solutions\/"]}]}},"_links":{"self":[{"href":"https:\/\/dev.interzero.pl\/pl\/wp-json\/wp\/v2\/pages\/5668","targetHints":{"allow":["GET"]}}],"collection":[{"href":"https:\/\/dev.interzero.pl\/pl\/wp-json\/wp\/v2\/pages"}],"about":[{"href":"https:\/\/dev.interzero.pl\/pl\/wp-json\/wp\/v2\/types\/page"}],"author":[{"embeddable":true,"href":"https:\/\/dev.interzero.pl\/pl\/wp-json\/wp\/v2\/users\/22"}],"replies":[{"embeddable":true,"href":"https:\/\/dev.interzero.pl\/pl\/wp-json\/wp\/v2\/comments?post=5668"}],"version-history":[{"count":59,"href":"https:\/\/dev.interzero.pl\/pl\/wp-json\/wp\/v2\/pages\/5668\/revisions"}],"predecessor-version":[{"id":16606,"href":"https:\/\/dev.interzero.pl\/pl\/wp-json\/wp\/v2\/pages\/5668\/revisions\/16606"}],"up":[{"embeddable":true,"href":"https:\/\/dev.interzero.pl\/pl\/wp-json\/wp\/v2\/pages\/3094"}],"wp:featuredmedia":[{"embeddable":true,"href":"https:\/\/dev.interzero.pl\/pl\/wp-json\/wp\/v2\/media\/5672"}],"wp:attachment":[{"href":"https:\/\/dev.interzero.pl\/pl\/wp-json\/wp\/v2\/media?parent=5668"}],"wp:term":[{"taxonomy":"wf_page_folders","embeddable":true,"href":"https:\/\/dev.interzero.pl\/pl\/wp-json\/wp\/v2\/wf_page_folders?post=5668"}],"curies":[{"name":"wp","href":"https:\/\/api.w.org\/{rel}","templated":true}]}}