{"id":3148,"date":"2022-11-23T09:53:50","date_gmt":"2022-11-23T08:53:50","guid":{"rendered":"https:\/\/l.interzero.at\/pl\/live\/?page_id=3148"},"modified":"2024-10-08T10:53:09","modified_gmt":"2024-10-08T08:53:09","slug":"media","status":"publish","type":"page","link":"https:\/\/dev.interzero.pl\/pl\/baza-wiedzy\/media\/","title":{"rendered":"Multimedia"},"content":{"rendered":"<div class=\"wpb-content-wrapper\"><div data-parent=\"true\" class=\"vc_row row-container\" id=\"row-unique-0\"><div class=\"row limit-width row-parent\"><div class=\"wpb_row row-inner\"><div class=\"wpb_column pos-top pos-center align_center column_parent col-lg-12 single-internal-gutter\"><div class=\"uncol style-light\"  ><div class=\"uncoltable\"><div class=\"uncell no-block-padding\" ><div class=\"uncont\" ><div class=\"vc_custom_heading_wrap\"><div class=\"heading-text el-text\" ><h1 class=\"h1\" ><span><\/p><\/span><span><h1 style=\"text-align: center\"><b>Multimedia<\/b><\/h1><\/span><span><p><\/span><\/h1><\/div><div class=\"clear\"><\/div><\/div><\/div><\/div><\/div><\/div><\/div><script id=\"script-row-unique-0\" data-row=\"script-row-unique-0\" type=\"text\/javascript\" class=\"vc_controls\">UNCODE.initRow(document.getElementById(\"row-unique-0\"));<\/script><\/div><\/div><\/div><div data-parent=\"true\" class=\"vc_row row-container\" id=\"row-unique-1\"><div class=\"row limit-width row-parent\"><div class=\"wpb_row row-inner\"><div class=\"wpb_column pos-top pos-center align_center column_parent col-lg-12 single-internal-gutter\"><div class=\"uncol style-light\"  ><div class=\"uncoltable\"><div class=\"uncell no-block-padding\" ><div class=\"uncont\" ><div class=\"vc_custom_heading_wrap\"><div class=\"heading-text el-text\" ><h2 class=\"h2\" ><span><\/p><\/span><span><h2 style=\"text-align: center\">W tym miejscu udost\u0119pniamy wszelkie materia\u0142y multimedialne.<\/h2><\/span><span><p><\/span><\/h2><\/div><div class=\"clear\"><\/div><\/div><\/div><\/div><\/div><\/div><\/div><script id=\"script-row-unique-1\" data-row=\"script-row-unique-1\" type=\"text\/javascript\" class=\"vc_controls\">UNCODE.initRow(document.getElementById(\"row-unique-1\"));<\/script><\/div><\/div><\/div><div data-parent=\"true\" class=\"vc_row row-container\" id=\"row-unique-2\"><div class=\"row limit-width row-parent\"><div class=\"wpb_row row-inner\"><div class=\"wpb_column pos-top pos-center align_left column_parent col-lg-6 single-internal-gutter\"><div class=\"uncol style-light\"  ><div class=\"uncoltable\"><div class=\"uncell no-block-padding\" ><div class=\"uncont\" ><div class=\"uncode_text_column\" ><\/p>\n<h5 class=\"style-scope ytd-watch-metadata\" style=\"text-align: center\"><strong>Baterie, akumulatory, recykling \u2013 animacja dla ma\u0142ych i du\u017cych<\/strong><\/h5>\n<p><iframe title=\"Baterie, akumulatory, recykling \u2013 animacja dla ma\u0142ych i du\u017cych\" width=\"840\" height=\"473\" src=\"https:\/\/www.youtube.com\/embed\/mJ1eXo2KUbo?feature=oembed&width=840&height=1000&discover=1\" frameborder=\"0\" allow=\"accelerometer; autoplay; clipboard-write; encrypted-media; gyroscope; picture-in-picture; web-share\" allowfullscreen><\/iframe><\/p>\n<\/div><\/div><\/div><\/div><\/div><\/div><div class=\"wpb_column pos-top pos-center align_center column_parent col-lg-6 single-internal-gutter\"><div class=\"uncol style-light\"  ><div class=\"uncoltable\"><div class=\"uncell no-block-padding\" ><div class=\"uncont\" ><div class=\"uncode_text_column\" ><\/p>\n<h5 class=\"style-scope ytd-watch-metadata\" style=\"text-align: center\"><strong>Interzero \u2013 nasza misja, wizja i cele \u2013 Anna Grom<\/strong><\/h5>\n<p><iframe title=\"Interzero \u2013 nasza misja, wizja i cele \u2013 Anna Grom\" width=\"840\" height=\"473\" src=\"https:\/\/www.youtube.com\/embed\/iQC2EZFj1jg?feature=oembed&width=840&height=1000&discover=1\" frameborder=\"0\" allow=\"accelerometer; autoplay; clipboard-write; encrypted-media; gyroscope; picture-in-picture; web-share\" allowfullscreen><\/iframe><\/p>\n<\/div><\/div><\/div><\/div><\/div><\/div><script id=\"script-row-unique-2\" data-row=\"script-row-unique-2\" type=\"text\/javascript\" class=\"vc_controls\">UNCODE.initRow(document.getElementById(\"row-unique-2\"));<\/script><\/div><\/div><\/div><div data-parent=\"true\" class=\"vc_row row-container\" id=\"row-unique-3\"><div class=\"row limit-width row-parent\"><div class=\"wpb_row row-inner\"><div class=\"wpb_column pos-top pos-center align_left column_parent col-lg-6 single-internal-gutter\"><div class=\"uncol style-light\"  ><div class=\"uncoltable\"><div class=\"uncell no-block-padding\" ><div class=\"uncont\" ><div class=\"uncode_text_column\" ><\/p>\n<p class=\"style-scope ytd-watch-metadata\" style=\"text-align: center\"><strong>Interzero \u2013 kim jeste\u015bmy?<\/strong><\/p>\n<p><iframe title=\"Interzero \u2013  kim jeste\u015bmy? \u2013 Pawe\u0142 Lesiak\" width=\"840\" height=\"473\" src=\"https:\/\/www.youtube.com\/embed\/RlgT8NNRtNA?feature=oembed&width=840&height=1000&discover=1\" frameborder=\"0\" allow=\"accelerometer; autoplay; clipboard-write; encrypted-media; gyroscope; picture-in-picture; web-share\" allowfullscreen><\/iframe><\/p>\n<\/div><\/div><\/div><\/div><\/div><\/div><div class=\"wpb_column pos-top pos-center align_center column_parent col-lg-6 single-internal-gutter\"><div class=\"uncol style-light\"  ><div class=\"uncoltable\"><div class=\"uncell no-block-padding\" ><div class=\"uncont\" ><div class=\"uncode_text_column\" ><\/p>\n<p class=\"style-scope ytd-watch-metadata\" style=\"text-align: center\"><strong>Konferencja \u015arodowiskowa Interzero 2022<\/strong><\/p>\n<p><iframe title=\"Konferencja \u015arodowiskowa Interzero 2022\" width=\"840\" height=\"473\" src=\"https:\/\/www.youtube.com\/embed\/clu0-JztqD8?start=61&feature=oembed\" frameborder=\"0\" allow=\"accelerometer; autoplay; clipboard-write; encrypted-media; gyroscope; picture-in-picture; web-share\" allowfullscreen><\/iframe><\/p>\n<\/div><\/div><\/div><\/div><\/div><\/div><script id=\"script-row-unique-3\" data-row=\"script-row-unique-3\" type=\"text\/javascript\" class=\"vc_controls\">UNCODE.initRow(document.getElementById(\"row-unique-3\"));<\/script><\/div><\/div><\/div><div data-parent=\"true\" class=\"vc_row row-container\" id=\"row-unique-4\"><div class=\"row limit-width row-parent\"><div class=\"wpb_row row-inner\"><div class=\"wpb_column pos-top pos-center align_left column_parent col-lg-6 single-internal-gutter\"><div class=\"uncol style-light\"  ><div class=\"uncoltable\"><div class=\"uncell no-block-padding\" ><div class=\"uncont\" ><div class=\"uncode_text_column\" ><\/p>\n<p style=\"text-align: center\"><strong>Butelkomat Sielaff SiCompact 2020 XL ju\u017c w Polsce<\/strong><\/p>\n<p><iframe title=\"Butelkomat Sielaff SiCompact 2020 XL ju\u017c w Polsce\" width=\"840\" height=\"473\" src=\"https:\/\/www.youtube.com\/embed\/0CsE74S6Wdk?feature=oembed&width=840&height=1000&discover=1\" frameborder=\"0\" allow=\"accelerometer; autoplay; clipboard-write; encrypted-media; gyroscope; picture-in-picture; web-share\" allowfullscreen><\/iframe><\/p>\n<\/div><\/div><\/div><\/div><\/div><\/div><div class=\"wpb_column pos-top pos-center align_left column_parent col-lg-6 single-internal-gutter\"><div class=\"uncol style-light\"  ><div class=\"uncoltable\"><div class=\"uncell no-block-padding\" ><div class=\"uncont\" ><div class=\"uncode_text_column\" ><\/p>\n<p style=\"text-align: center\"><strong>One World. Zero Waste. Let&#8217;s #MoveTheDate<\/strong><\/p>\n<p><iframe title=\"One World. Zero Waste. Let&#039;s #MoveTheDate\" width=\"840\" height=\"473\" src=\"https:\/\/www.youtube.com\/embed\/2bdmGk_T5Ns?feature=oembed&width=840&height=1000&discover=1\" frameborder=\"0\" allow=\"accelerometer; autoplay; clipboard-write; encrypted-media; gyroscope; picture-in-picture; web-share\" allowfullscreen><\/iframe><\/p>\n<\/div><\/div><\/div><\/div><\/div><\/div><script id=\"script-row-unique-4\" data-row=\"script-row-unique-4\" type=\"text\/javascript\" class=\"vc_controls\">UNCODE.initRow(document.getElementById(\"row-unique-4\"));<\/script><\/div><\/div><\/div><div data-parent=\"true\" class=\"vc_row row-container\" id=\"row-unique-5\"><div class=\"row limit-width row-parent\"><div class=\"wpb_row row-inner\"><div class=\"wpb_column pos-top pos-center align_left column_parent col-lg-6 single-internal-gutter\"><div class=\"uncol style-light\"  ><div class=\"uncoltable\"><div class=\"uncell no-block-padding\" ><div class=\"uncont\" ><div class=\"uncode_text_column\" ><\/p>\n<p style=\"text-align: center\"><strong>Interzero na Targach POLECO 2022<\/strong><\/p>\n<p><iframe title=\"Eko-urz\u0105dzenia Interzero na Targach POLECO!\" width=\"840\" height=\"473\" src=\"https:\/\/www.youtube.com\/embed\/tnOSbobFpCM?start=1&feature=oembed\" frameborder=\"0\" allow=\"accelerometer; autoplay; clipboard-write; encrypted-media; gyroscope; picture-in-picture; web-share\" allowfullscreen><\/iframe><\/p>\n<\/div><\/div><\/div><\/div><\/div><\/div><div class=\"wpb_column pos-top pos-center align_left column_parent col-lg-6 single-internal-gutter\"><div class=\"uncol style-light\"  ><div class=\"uncoltable\"><div class=\"uncell no-block-padding\" ><div class=\"uncont\" ><div class=\"uncode_text_column\" ><\/p>\n<p style=\"text-align: center\"><strong>Cele Zr\u00f3wnowa\u017conego Rozwoju &#8211; raport dla Twojej firmy<\/strong><\/p>\n<p><iframe title=\"CSR - Cele Zr\u00f3wnowa\u017conego Rozwoju - raport dla Twojej firmy\" width=\"840\" height=\"473\" src=\"https:\/\/www.youtube.com\/embed\/m2rGifKt7h8?feature=oembed&width=840&height=1000&discover=1\" frameborder=\"0\" allow=\"accelerometer; autoplay; clipboard-write; encrypted-media; gyroscope; picture-in-picture; web-share\" allowfullscreen><\/iframe><\/p>\n<\/div><\/div><\/div><\/div><\/div><\/div><script id=\"script-row-unique-5\" data-row=\"script-row-unique-5\" type=\"text\/javascript\" class=\"vc_controls\">UNCODE.initRow(document.getElementById(\"row-unique-5\"));<\/script><\/div><\/div><\/div><div data-parent=\"true\" class=\"vc_row row-container\" id=\"row-unique-6\"><div class=\"row limit-width row-parent\"><div class=\"wpb_row row-inner\"><div class=\"wpb_column pos-top pos-center align_left column_parent col-lg-6 single-internal-gutter\"><div class=\"uncol style-light\"  ><div class=\"uncoltable\"><div class=\"uncell no-block-padding\" ><div class=\"uncont\" ><div class=\"uncode_text_column\" ><\/p>\n<p style=\"text-align: center\"><strong>Made4Loop &#8211; kubki i boksy, kt\u00f3re zostaj\u0105 w obiegu<\/strong><\/p>\n<p><iframe title=\"Made4Loop \u2013 kubki i boksy, kt\u00f3re zostaj\u0105 w obiegu! | Kompleksowa us\u0142uga Interzero\" width=\"840\" height=\"473\" src=\"https:\/\/www.youtube.com\/embed\/MiAJzBwYXvA?feature=oembed&width=840&height=1000&discover=1\" frameborder=\"0\" allow=\"accelerometer; autoplay; clipboard-write; encrypted-media; gyroscope; picture-in-picture; web-share\" referrerpolicy=\"strict-origin-when-cross-origin\" allowfullscreen><\/iframe><\/p>\n<\/div><\/div><\/div><\/div><\/div><\/div><div class=\"wpb_column pos-top pos-center align_left column_parent col-lg-6 single-internal-gutter\"><div class=\"uncol style-light\"  ><div class=\"uncoltable\"><div class=\"uncell no-block-padding\" ><div class=\"uncont\" ><div class=\"uncode_text_column\" ><\/p>\n<p style=\"text-align: center\"><strong>Platforma Odpadowa Interzero \u2013 system online do zarz\u0105dzania odpadami w firmie<br \/>\n<\/strong><\/p>\n<p><iframe title=\"Platforma Odpadowa Interzero \u2013 system online do zarz\u0105dzania odpadami w firmie\" width=\"840\" height=\"473\" src=\"https:\/\/www.youtube.com\/embed\/a-r2C1itLQE?feature=oembed&width=840&height=1000&discover=1\" frameborder=\"0\" allow=\"accelerometer; autoplay; clipboard-write; encrypted-media; gyroscope; picture-in-picture; web-share\" referrerpolicy=\"strict-origin-when-cross-origin\" allowfullscreen><\/iframe><\/p>\n<\/div><\/div><\/div><\/div><\/div><\/div><script id=\"script-row-unique-6\" data-row=\"script-row-unique-6\" type=\"text\/javascript\" class=\"vc_controls\">UNCODE.initRow(document.getElementById(\"row-unique-6\"));<\/script><\/div><\/div><\/div><div data-parent=\"true\" class=\"vc_row row-container\" id=\"row-unique-7\"><div class=\"row limit-width row-parent\"><div class=\"wpb_row row-inner\"><script id=\"script-row-unique-7\" data-row=\"script-row-unique-7\" type=\"text\/javascript\" class=\"vc_controls\">UNCODE.initRow(document.getElementById(\"row-unique-7\"));<\/script><\/div><\/div><\/div><div class=\"wpb_column pos-top pos-center align_left column_parent col-lg-6 single-internal-gutter\"><div class=\"uncol style-light\"  ><div class=\"uncoltable\"><div class=\"uncell no-block-padding\" ><div class=\"uncont\" ><div class=\"uncode_text_column\" ><\/p>\n<p style=\"text-align: center\"><strong>Nasi pracownicy<\/strong><\/p>\n<p><iframe title=\"Poznaj zesp\u00f3\u0142 Interzero #2\" width=\"840\" height=\"473\" src=\"https:\/\/www.youtube.com\/embed\/1qu38WtRP-Q?feature=oembed&width=840&height=1000&discover=1\" frameborder=\"0\" allow=\"accelerometer; autoplay; clipboard-write; encrypted-media; gyroscope; picture-in-picture; web-share\" allowfullscreen><\/iframe><\/p>\n<\/div><\/div><\/div><\/div><\/div><\/div><div class=\"wpb_column pos-top pos-center align_center column_parent col-lg-6 single-internal-gutter\"><div class=\"uncol style-light\"  ><div class=\"uncoltable\"><div class=\"uncell no-block-padding\" ><div class=\"uncont\" ><\/div><\/div><\/div><\/div><\/div><div class=\"uncode_text_column\" ><\/div>\n<p style=\"text-align: center\"><strong>Okr\u0105glak &#8211; konc<\/strong><strong>ept zr\u00f3wnowa\u017conego sklepu<\/strong><\/p>\n<div class=\"epyt-video-wrapper\"><iframe  style=\"display: block; margin: 0px auto;\"  id=\"_ytid_11922\"  width=\"800\" height=\"450\"  data-origwidth=\"800\" data-origheight=\"450\" src=\"https:\/\/www.youtube.com\/embed\/qEcGoqjHk4g[\/vc_column_text][\/vc_column][\/vc_row]?enablejsapi=1&#038;autoplay=0&#038;cc_load_policy=0&#038;cc_lang_pref=&#038;iv_load_policy=1&#038;loop=0&#038;rel=1&#038;fs=1&#038;playsinline=0&#038;autohide=2&#038;theme=dark&#038;color=red&#038;controls=1&#038;\" class=\"__youtube_prefs__  epyt-is-override  no-lazyload\" title=\"YouTube player\"  allow=\"fullscreen; accelerometer; autoplay; clipboard-write; encrypted-media; gyroscope; picture-in-picture; web-share\" referrerpolicy=\"strict-origin-when-cross-origin\" allowfullscreen data-no-lazy=\"1\" data-skipgform_ajax_framebjll=\"\"><\/iframe><\/div>\n<\/div>","protected":false},"excerpt":{"rendered":"MultimediaW tym miejscu udost\u0119pniamy wszelkie materia\u0142y multimedialne.Baterie, akumulatory, recykling \u2013 animacja dla ma\u0142ych i du\u017cych Interzero \u2013 nasza misja, wizja [...]","protected":false},"author":18,"featured_media":2878,"parent":4993,"menu_order":3,"comment_status":"closed","ping_status":"closed","template":"","meta":{"_acf_changed":false,"inline_featured_image":false,"footnotes":""},"wf_page_folders":[76],"class_list":["post-3148","page","type-page","status-publish","has-post-thumbnail","hentry","page_category-pl"],"acf":[],"yoast_head":"<!-- This site is optimized with the Yoast SEO plugin v26.4 - https:\/\/yoast.com\/wordpress\/plugins\/seo\/ -->\n<title>Materia\u0142y multimedialne: animacje i video | Interzero<\/title>\n<meta name=\"description\" content=\"Poznaj materia\u0142y video, w kt\u00f3rych przybli\u017camy profil firmy, relacjonujemy firmowe eventy i inspirujemy do wsp\u00f3lnego dzia\u0142ania dla \u015bwiata bez odpad\u00f3w\" \/>\n<meta name=\"robots\" content=\"noindex, follow, max-snippet:-1, max-image-preview:large, max-video-preview:-1\" \/>\n<meta property=\"og:locale\" content=\"pl_PL\" \/>\n<meta property=\"og:type\" content=\"article\" \/>\n<meta property=\"og:title\" content=\"Materia\u0142y multimedialne: animacje i video | Interzero\" \/>\n<meta property=\"og:description\" content=\"Poznaj materia\u0142y video, w kt\u00f3rych przybli\u017camy profil firmy, relacjonujemy firmowe eventy i inspirujemy do wsp\u00f3lnego dzia\u0142ania dla \u015bwiata bez odpad\u00f3w\" \/>\n<meta property=\"og:url\" content=\"https:\/\/dev.interzero.pl\/pl\/baza-wiedzy\/media\/\" \/>\n<meta property=\"og:site_name\" content=\"DEV | Interzero Polska | DEV\" \/>\n<meta property=\"article:publisher\" content=\"https:\/\/www.facebook.com\/InterzeroPolska\" \/>\n<meta property=\"article:modified_time\" content=\"2024-10-08T08:53:09+00:00\" \/>\n<meta property=\"og:image\" content=\"https:\/\/dev.interzero.pl\/wp-content\/uploads\/sites\/15\/2022\/10\/interzero-medien-1870x555-1.jpg\" \/>\n\t<meta property=\"og:image:width\" content=\"1870\" \/>\n\t<meta property=\"og:image:height\" content=\"555\" \/>\n\t<meta property=\"og:image:type\" content=\"image\/jpeg\" \/>\n<meta name=\"twitter:card\" content=\"summary_large_image\" \/>\n<meta name=\"twitter:site\" content=\"@InterzeroPolska\" \/>\n<meta name=\"twitter:label1\" content=\"Szacowany czas czytania\" \/>\n\t<meta name=\"twitter:data1\" content=\"2 minuty\" \/>\n<script type=\"application\/ld+json\" class=\"yoast-schema-graph\">{\"@context\":\"https:\/\/schema.org\",\"@graph\":[{\"@type\":\"WebPage\",\"@id\":\"https:\/\/dev.interzero.pl\/baza-wiedzy\/media\/\",\"url\":\"https:\/\/dev.interzero.pl\/baza-wiedzy\/media\/\",\"name\":\"Materia\u0142y multimedialne: animacje i video | Interzero\",\"isPartOf\":{\"@id\":\"https:\/\/dev.interzero.pl\/#website\"},\"primaryImageOfPage\":{\"@id\":\"https:\/\/dev.interzero.pl\/baza-wiedzy\/media\/#primaryimage\"},\"image\":{\"@id\":\"https:\/\/dev.interzero.pl\/baza-wiedzy\/media\/#primaryimage\"},\"thumbnailUrl\":\"https:\/\/dev.interzero.pl\/wp-content\/uploads\/sites\/15\/2022\/10\/interzero-medien-1870x555-1.jpg\",\"datePublished\":\"2022-11-23T08:53:50+00:00\",\"dateModified\":\"2024-10-08T08:53:09+00:00\",\"description\":\"Poznaj materia\u0142y video, w kt\u00f3rych przybli\u017camy profil firmy, relacjonujemy firmowe eventy i inspirujemy do wsp\u00f3lnego dzia\u0142ania dla \u015bwiata bez odpad\u00f3w\",\"breadcrumb\":{\"@id\":\"https:\/\/dev.interzero.pl\/baza-wiedzy\/media\/#breadcrumb\"},\"inLanguage\":\"pl-PL\",\"potentialAction\":[{\"@type\":\"ReadAction\",\"target\":[\"https:\/\/dev.interzero.pl\/baza-wiedzy\/media\/\"]}]},{\"@type\":\"ImageObject\",\"inLanguage\":\"pl-PL\",\"@id\":\"https:\/\/dev.interzero.pl\/baza-wiedzy\/media\/#primaryimage\",\"url\":\"https:\/\/dev.interzero.pl\/wp-content\/uploads\/sites\/15\/2022\/10\/interzero-medien-1870x555-1.jpg\",\"contentUrl\":\"https:\/\/dev.interzero.pl\/wp-content\/uploads\/sites\/15\/2022\/10\/interzero-medien-1870x555-1.jpg\",\"width\":1870,\"height\":555,\"caption\":\"grafika z nak\u0142adaj\u0105cymi si\u0119 na siebie obrazami: widokiem nocnego miasta kroplami deszczu i nocnymi \u015bwiat\u0142ami\"},{\"@type\":\"BreadcrumbList\",\"@id\":\"https:\/\/dev.interzero.pl\/baza-wiedzy\/media\/#breadcrumb\",\"itemListElement\":[{\"@type\":\"ListItem\",\"position\":1,\"name\":\"Home\",\"item\":\"https:\/\/dev.interzero.pl\/\"},{\"@type\":\"ListItem\",\"position\":2,\"name\":\"Baza wiedzy\",\"item\":\"https:\/\/dev.interzero.pl\/baza-wiedzy\/\"},{\"@type\":\"ListItem\",\"position\":3,\"name\":\"Multimedia\"}]},{\"@type\":\"WebSite\",\"@id\":\"https:\/\/dev.interzero.pl\/#website\",\"url\":\"https:\/\/dev.interzero.pl\/\",\"name\":\"DEV - Interzero Polska | Rozwi\u0105zania dla \u015bwiata bez odpad\u00f3w\",\"description\":\"Dostarczamy innowacyjne i kompleksowe rozwi\u0105zania  w zakresie ochrony \u015brodowiska.\",\"publisher\":{\"@id\":\"https:\/\/dev.interzero.pl\/#organization\"},\"potentialAction\":[{\"@type\":\"SearchAction\",\"target\":{\"@type\":\"EntryPoint\",\"urlTemplate\":\"https:\/\/dev.interzero.pl\/?s={search_term_string}\"},\"query-input\":{\"@type\":\"PropertyValueSpecification\",\"valueRequired\":true,\"valueName\":\"search_term_string\"}}],\"inLanguage\":\"pl-PL\"},{\"@type\":\"Organization\",\"@id\":\"https:\/\/dev.interzero.pl\/#organization\",\"name\":\"Interzero Polska\",\"url\":\"https:\/\/dev.interzero.pl\/\",\"logo\":{\"@type\":\"ImageObject\",\"inLanguage\":\"pl-PL\",\"@id\":\"https:\/\/dev.interzero.pl\/#\/schema\/logo\/image\/\",\"url\":\"https:\/\/dev.interzero.pl\/wp-content\/uploads\/sites\/15\/2024\/07\/Interzero.png\",\"contentUrl\":\"https:\/\/dev.interzero.pl\/wp-content\/uploads\/sites\/15\/2024\/07\/Interzero.png\",\"width\":1920,\"height\":1080,\"caption\":\"Interzero Polska\"},\"image\":{\"@id\":\"https:\/\/dev.interzero.pl\/#\/schema\/logo\/image\/\"},\"sameAs\":[\"https:\/\/www.facebook.com\/InterzeroPolska\",\"https:\/\/x.com\/InterzeroPolska\",\"https:\/\/www.linkedin.com\/company\/interzero-zero-waste-solutions\/\"]}]}<\/script>\n<!-- \/ Yoast SEO plugin. -->","yoast_head_json":{"title":"Materia\u0142y multimedialne: animacje i video | Interzero","description":"Poznaj materia\u0142y video, w kt\u00f3rych przybli\u017camy profil firmy, relacjonujemy firmowe eventy i inspirujemy do wsp\u00f3lnego dzia\u0142ania dla \u015bwiata bez odpad\u00f3w","robots":{"index":"noindex","follow":"follow","max-snippet":"max-snippet:-1","max-image-preview":"max-image-preview:large","max-video-preview":"max-video-preview:-1"},"og_locale":"pl_PL","og_type":"article","og_title":"Materia\u0142y multimedialne: animacje i video | Interzero","og_description":"Poznaj materia\u0142y video, w kt\u00f3rych przybli\u017camy profil firmy, relacjonujemy firmowe eventy i inspirujemy do wsp\u00f3lnego dzia\u0142ania dla \u015bwiata bez odpad\u00f3w","og_url":"https:\/\/dev.interzero.pl\/pl\/baza-wiedzy\/media\/","og_site_name":"DEV | Interzero Polska | DEV","article_publisher":"https:\/\/www.facebook.com\/InterzeroPolska","article_modified_time":"2024-10-08T08:53:09+00:00","og_image":[{"width":1870,"height":555,"url":"https:\/\/dev.interzero.pl\/wp-content\/uploads\/sites\/15\/2022\/10\/interzero-medien-1870x555-1.jpg","type":"image\/jpeg"}],"twitter_card":"summary_large_image","twitter_site":"@InterzeroPolska","twitter_misc":{"Szacowany czas czytania":"2 minuty"},"schema":{"@context":"https:\/\/schema.org","@graph":[{"@type":"WebPage","@id":"https:\/\/dev.interzero.pl\/baza-wiedzy\/media\/","url":"https:\/\/dev.interzero.pl\/baza-wiedzy\/media\/","name":"Materia\u0142y multimedialne: animacje i video | Interzero","isPartOf":{"@id":"https:\/\/dev.interzero.pl\/#website"},"primaryImageOfPage":{"@id":"https:\/\/dev.interzero.pl\/baza-wiedzy\/media\/#primaryimage"},"image":{"@id":"https:\/\/dev.interzero.pl\/baza-wiedzy\/media\/#primaryimage"},"thumbnailUrl":"https:\/\/dev.interzero.pl\/wp-content\/uploads\/sites\/15\/2022\/10\/interzero-medien-1870x555-1.jpg","datePublished":"2022-11-23T08:53:50+00:00","dateModified":"2024-10-08T08:53:09+00:00","description":"Poznaj materia\u0142y video, w kt\u00f3rych przybli\u017camy profil firmy, relacjonujemy firmowe eventy i inspirujemy do wsp\u00f3lnego dzia\u0142ania dla \u015bwiata bez odpad\u00f3w","breadcrumb":{"@id":"https:\/\/dev.interzero.pl\/baza-wiedzy\/media\/#breadcrumb"},"inLanguage":"pl-PL","potentialAction":[{"@type":"ReadAction","target":["https:\/\/dev.interzero.pl\/baza-wiedzy\/media\/"]}]},{"@type":"ImageObject","inLanguage":"pl-PL","@id":"https:\/\/dev.interzero.pl\/baza-wiedzy\/media\/#primaryimage","url":"https:\/\/dev.interzero.pl\/wp-content\/uploads\/sites\/15\/2022\/10\/interzero-medien-1870x555-1.jpg","contentUrl":"https:\/\/dev.interzero.pl\/wp-content\/uploads\/sites\/15\/2022\/10\/interzero-medien-1870x555-1.jpg","width":1870,"height":555,"caption":"grafika z nak\u0142adaj\u0105cymi si\u0119 na siebie obrazami: widokiem nocnego miasta kroplami deszczu i nocnymi \u015bwiat\u0142ami"},{"@type":"BreadcrumbList","@id":"https:\/\/dev.interzero.pl\/baza-wiedzy\/media\/#breadcrumb","itemListElement":[{"@type":"ListItem","position":1,"name":"Home","item":"https:\/\/dev.interzero.pl\/"},{"@type":"ListItem","position":2,"name":"Baza wiedzy","item":"https:\/\/dev.interzero.pl\/baza-wiedzy\/"},{"@type":"ListItem","position":3,"name":"Multimedia"}]},{"@type":"WebSite","@id":"https:\/\/dev.interzero.pl\/#website","url":"https:\/\/dev.interzero.pl\/","name":"DEV - Interzero Polska | Rozwi\u0105zania dla \u015bwiata bez odpad\u00f3w","description":"Dostarczamy innowacyjne i kompleksowe rozwi\u0105zania  w zakresie ochrony \u015brodowiska.","publisher":{"@id":"https:\/\/dev.interzero.pl\/#organization"},"potentialAction":[{"@type":"SearchAction","target":{"@type":"EntryPoint","urlTemplate":"https:\/\/dev.interzero.pl\/?s={search_term_string}"},"query-input":{"@type":"PropertyValueSpecification","valueRequired":true,"valueName":"search_term_string"}}],"inLanguage":"pl-PL"},{"@type":"Organization","@id":"https:\/\/dev.interzero.pl\/#organization","name":"Interzero Polska","url":"https:\/\/dev.interzero.pl\/","logo":{"@type":"ImageObject","inLanguage":"pl-PL","@id":"https:\/\/dev.interzero.pl\/#\/schema\/logo\/image\/","url":"https:\/\/dev.interzero.pl\/wp-content\/uploads\/sites\/15\/2024\/07\/Interzero.png","contentUrl":"https:\/\/dev.interzero.pl\/wp-content\/uploads\/sites\/15\/2024\/07\/Interzero.png","width":1920,"height":1080,"caption":"Interzero Polska"},"image":{"@id":"https:\/\/dev.interzero.pl\/#\/schema\/logo\/image\/"},"sameAs":["https:\/\/www.facebook.com\/InterzeroPolska","https:\/\/x.com\/InterzeroPolska","https:\/\/www.linkedin.com\/company\/interzero-zero-waste-solutions\/"]}]}},"_links":{"self":[{"href":"https:\/\/dev.interzero.pl\/pl\/wp-json\/wp\/v2\/pages\/3148","targetHints":{"allow":["GET"]}}],"collection":[{"href":"https:\/\/dev.interzero.pl\/pl\/wp-json\/wp\/v2\/pages"}],"about":[{"href":"https:\/\/dev.interzero.pl\/pl\/wp-json\/wp\/v2\/types\/page"}],"author":[{"embeddable":true,"href":"https:\/\/dev.interzero.pl\/pl\/wp-json\/wp\/v2\/users\/18"}],"replies":[{"embeddable":true,"href":"https:\/\/dev.interzero.pl\/pl\/wp-json\/wp\/v2\/comments?post=3148"}],"version-history":[{"count":43,"href":"https:\/\/dev.interzero.pl\/pl\/wp-json\/wp\/v2\/pages\/3148\/revisions"}],"predecessor-version":[{"id":16771,"href":"https:\/\/dev.interzero.pl\/pl\/wp-json\/wp\/v2\/pages\/3148\/revisions\/16771"}],"up":[{"embeddable":true,"href":"https:\/\/dev.interzero.pl\/pl\/wp-json\/wp\/v2\/pages\/4993"}],"wp:featuredmedia":[{"embeddable":true,"href":"https:\/\/dev.interzero.pl\/pl\/wp-json\/wp\/v2\/media\/2878"}],"wp:attachment":[{"href":"https:\/\/dev.interzero.pl\/pl\/wp-json\/wp\/v2\/media?parent=3148"}],"wp:term":[{"taxonomy":"wf_page_folders","embeddable":true,"href":"https:\/\/dev.interzero.pl\/pl\/wp-json\/wp\/v2\/wf_page_folders?post=3148"}],"curies":[{"name":"wp","href":"https:\/\/api.w.org\/{rel}","templated":true}]}}